{"id":3405,"date":"2023-05-29T12:52:19","date_gmt":"2023-05-29T12:52:19","guid":{"rendered":"https:\/\/cretecolors.eu\/product\/c%c2%b2-maintenance-2l\/"},"modified":"2026-04-25T23:41:15","modified_gmt":"2026-04-25T21:41:15","slug":"c%c2%b2-maintenance-2l","status":"publish","type":"product","link":"https:\/\/cretecolors.eu\/fr\/produit\/c%c2%b2-maintenance-2l\/","title":{"rendered":"C\u00b2 Maintenance 2L"},"content":{"rendered":"<p><span class=\"TextRun SCXW60766822 BCX0\" lang=\"fr-FR\" xml:lang=\"fr-FR\" data-contrast=\"auto\"><span class=\"NormalTextRun SCXW60766822 BCX0\">C\u00b2 Maintenance est con\u00e7u pour que les sols en b\u00e9ton durent toute leur vie utile. Lors du choix d\u2019un nettoyant, le <\/span><span class=\"NormalTextRun ContextualSpellingAndGrammarErrorV2Themed SCXW60766822 BCX0\">pH<\/span><span class=\"NormalTextRun SCXW60766822 BCX0\"> rev\u00eat une importance capitale. Le pH du b\u00e9ton est alcalin, entre 9 et 11. C\u2019est pourquoi l\u2019utilisation d\u2019un nettoyant ordinaire au pH neutre (pH 7) endommagera progressivement le sol. En effet, le pH du nettoyant est plus acide que le pH naturel du b\u00e9ton. C\u00b2 Maintenance est sp\u00e9cifiquement \u00e9quilibr\u00e9 pour le pH du b\u00e9ton, une propri\u00e9t\u00e9 qui le diff\u00e9rencie de tous les autres nettoyants. Il \u00e9limine aussi les contaminations les plus courantes du b\u00e9ton et contient un durcisseur \u00e0 base de lithium. Celui-ci <\/span><span class=\"NormalTextRun ContextualSpellingAndGrammarErrorV2Themed SCXW60766822 BCX0\">durcit le b\u00e9ton<\/span><span class=\"NormalTextRun SCXW60766822 BCX0\"> au fur et \u00e0 mesure des nettoyages. L\u2019entretien r\u00e9gulier avec C\u00b2 Maintenance prolonge ainsi la dur\u00e9e de vie du <\/span><span class=\"NormalTextRun ContextualSpellingAndGrammarErrorV2Themed SCXW60766822 BCX0\"> b\u00e9ton<\/span><span class=\"NormalTextRun SCXW60766822 BCX0\"> et minimise le co\u00fbt des nouveaux traitements. C\u00b2 Maintenance est un atout pour tout sol en b\u00e9ton\u00a0!<\/span><\/span><span class=\"EOP SCXW60766822 BCX0\" data-ccp-props=\"{&quot;201341983&quot;:0,&quot;335559739&quot;:160,&quot;335559740&quot;:259}\">\u00a0<\/span><\/p>\n","protected":false},"excerpt":{"rendered":"<p><span class=\"TextRun SCXW135088355 BCX0\" lang=\"fr-FR\" xml:lang=\"fr-FR\" data-contrast=\"auto\"><span class=\"NormalTextRun SCXW135088355 BCX0\">Produit d\u2019entretien de premi\u00e8re qualit\u00e9 pour les sols en b\u00e9ton.<\/span><\/span><span class=\"EOP SCXW135088355 BCX0\" data-ccp-props=\"{&quot;201341983&quot;:0,&quot;335559739&quot;:160,&quot;335559740&quot;:259}\">\u00a0<\/span><\/p>\n","protected":false},"featured_media":2972,"template":"","meta":{"_acf_changed":false,"_seopress_robots_primary_cat":"","_seopress_titles_title":"","_seopress_titles_desc":"","_seopress_robots_index":"","site-sidebar-layout":"default","site-content-layout":"default","ast-site-content-layout":"default","site-content-style":"default","site-sidebar-style":"default","ast-global-header-display":"","ast-banner-title-visibility":"","ast-main-header-display":"","ast-hfb-above-header-display":"","ast-hfb-below-header-display":"","ast-hfb-mobile-header-display":"","site-post-title":"","ast-breadcrumbs-content":"","ast-featured-img":"","footer-sml-layout":"","ast-disable-related-posts":"","theme-transparent-header-meta":"default","adv-header-id-meta":"","stick-header-meta":"","header-above-stick-meta":"","header-main-stick-meta":"","header-below-stick-meta":"","astra-migrate-meta-layouts":"default","ast-page-background-enabled":"default","ast-page-background-meta":{"desktop":{"background-color":"","background-image":"","background-repeat":"repeat","background-position":"center center","background-size":"auto","background-attachment":"scroll","background-type":"","background-media":"","overlay-type":"","overlay-color":"","overlay-opacity":"","overlay-gradient":""},"tablet":{"background-color":"","background-image":"","background-repeat":"repeat","background-position":"center center","background-size":"auto","background-attachment":"scroll","background-type":"","background-media":"","overlay-type":"","overlay-color":"","overlay-opacity":"","overlay-gradient":""},"mobile":{"background-color":"","background-image":"","background-repeat":"repeat","background-position":"center center","background-size":"auto","background-attachment":"scroll","background-type":"","background-media":"","overlay-type":"","overlay-color":"","overlay-opacity":"","overlay-gradient":""}},"ast-content-background-meta":{"desktop":{"background-color":"var(--ast-global-color-5)","background-image":"","background-repeat":"repeat","background-position":"center center","background-size":"auto","background-attachment":"scroll","background-type":"","background-media":"","overlay-type":"","overlay-color":"","overlay-opacity":"","overlay-gradient":""},"tablet":{"background-color":"var(--ast-global-color-5)","background-image":"","background-repeat":"repeat","background-position":"center center","background-size":"auto","background-attachment":"scroll","background-type":"","background-media":"","overlay-type":"","overlay-color":"","overlay-opacity":"","overlay-gradient":""},"mobile":{"background-color":"var(--ast-global-color-5)","background-image":"","background-repeat":"repeat","background-position":"center center","background-size":"auto","background-attachment":"scroll","background-type":"","background-media":"","overlay-type":"","overlay-color":"","overlay-opacity":"","overlay-gradient":""}}},"product_brand":[],"product_cat":[41],"product_tag":[],"class_list":{"0":"post-3405","1":"product","2":"type-product","3":"status-publish","4":"has-post-thumbnail","6":"product_cat-c2-webshop","7":"desktop-align-left","8":"tablet-align-left","9":"mobile-align-left","11":"first","12":"instock","13":"taxable","14":"shipping-taxable","15":"purchasable","16":"product-type-simple"},"acf":[],"_links":{"self":[{"href":"https:\/\/cretecolors.eu\/fr\/wp-json\/wp\/v2\/product\/3405","targetHints":{"allow":["GET"]}}],"collection":[{"href":"https:\/\/cretecolors.eu\/fr\/wp-json\/wp\/v2\/product"}],"about":[{"href":"https:\/\/cretecolors.eu\/fr\/wp-json\/wp\/v2\/types\/product"}],"wp:featuredmedia":[{"embeddable":true,"href":"https:\/\/cretecolors.eu\/fr\/wp-json\/wp\/v2\/media\/2972"}],"wp:attachment":[{"href":"https:\/\/cretecolors.eu\/fr\/wp-json\/wp\/v2\/media?parent=3405"}],"wp:term":[{"taxonomy":"product_brand","embeddable":true,"href":"https:\/\/cretecolors.eu\/fr\/wp-json\/wp\/v2\/product_brand?post=3405"},{"taxonomy":"product_cat","embeddable":true,"href":"https:\/\/cretecolors.eu\/fr\/wp-json\/wp\/v2\/product_cat?post=3405"},{"taxonomy":"product_tag","embeddable":true,"href":"https:\/\/cretecolors.eu\/fr\/wp-json\/wp\/v2\/product_tag?post=3405"}],"curies":[{"name":"wp","href":"https:\/\/api.w.org\/{rel}","templated":true}]}}