{"id":3401,"date":"2023-06-05T20:25:39","date_gmt":"2023-06-05T20:25:39","guid":{"rendered":"https:\/\/cretecolors.eu\/product\/packs-avantageux-05l-c%c2%b2-stain-clean-1l-c%c2%b2-maintenance\/"},"modified":"2023-06-05T20:25:39","modified_gmt":"2023-06-05T18:25:39","slug":"packs-avantageux-05l-c%c2%b2-stain-clean-1l-c%c2%b2-maintenance","status":"publish","type":"product","link":"https:\/\/cretecolors.eu\/fr\/produit\/packs-avantageux-05l-c%c2%b2-stain-clean-1l-c%c2%b2-maintenance\/","title":{"rendered":"PACKS AVANTAGEUX\u00a0: 0,5L C\u00b2 Stain Clean 1L C\u00b2 Maintenance"},"content":{"rendered":"<p><span class=\"TextRun SCXW42182007 BCX0\" lang=\"fr-FR\" xml:lang=\"fr-FR\" data-contrast=\"auto\"><span class=\"NormalTextRun SCXW42182007 BCX0\">C\u00b2 Maintenance est con\u00e7u pour que les sols en b\u00e9ton durent toute leur vie utile. Lors du choix d\u2019un nettoyant, le <\/span><span class=\"NormalTextRun ContextualSpellingAndGrammarErrorV2Themed SCXW42182007 BCX0\">pH<\/span><span class=\"NormalTextRun SCXW42182007 BCX0\"> rev\u00eat une importance capitale. Le pH du b\u00e9ton est alcalin, entre 9 et 11. C\u2019est pourquoi l\u2019utilisation d\u2019un nettoyant ordinaire au pH neutre (pH 7) endommagera progressivement le sol. En effet, le pH du nettoyant est plus acide que le pH naturel du b\u00e9ton. C\u00b2 Maintenance est sp\u00e9cifiquement \u00e9quilibr\u00e9 pour le pH du b\u00e9ton, une propri\u00e9t\u00e9 qui le diff\u00e9rencie de tous les autres nettoyants. Il \u00e9limine aussi les contaminations les plus courantes du b\u00e9ton et contient un durcisseur \u00e0 base de lithium. Celui-ci <\/span><span class=\"NormalTextRun ContextualSpellingAndGrammarErrorV2Themed SCXW42182007 BCX0\">durcit le b\u00e9ton<\/span><span class=\"NormalTextRun SCXW42182007 BCX0\"> au fur et \u00e0 mesure des nettoyages. L\u2019entretien r\u00e9gulier avec C\u00b2 Maintenance prolonge ainsi la dur\u00e9e de vie du <\/span><span class=\"NormalTextRun ContextualSpellingAndGrammarErrorV2Themed SCXW42182007 BCX0\"> b\u00e9ton<\/span><span class=\"NormalTextRun SCXW42182007 BCX0\"> et minimise le co\u00fbt des nouveaux traitements. C\u00b2 Maintenance est un atout pour tout sol en b\u00e9ton\u00a0!<\/span><\/span><span class=\"EOP SCXW42182007 BCX0\" data-ccp-props=\"{&quot;201341983&quot;:0,&quot;335559739&quot;:160,&quot;335559740&quot;:259}\">\u00a0<\/span><span class=\"TextRun SCXW122781886 BCX0\" lang=\"fr-FR\" xml:lang=\"fr-FR\" data-contrast=\"auto\"><span class=\"NormalTextRun SCXW122781886 BCX0\">C\u00b2 <\/span><span class=\"NormalTextRun SpellingErrorV2Themed SCXW122781886 BCX0\">Stain<\/span><span class=\"NormalTextRun SCXW122781886 BCX0\"> Clean est un nettoyant semi-liquide qui \u00e9limine les taches d\u2019huile et de graisse sur le b\u00e9ton. <\/span><\/span><span class=\"LineBreakBlob BlobObject DragDrop SCXW122781886 BCX0\"><span class=\"SCXW122781886 BCX0\">\u00a0<\/span><br class=\"SCXW122781886 BCX0\" \/><\/span><span class=\"TextRun SCXW122781886 BCX0\" lang=\"fr-FR\" xml:lang=\"fr-FR\" data-contrast=\"auto\"><span class=\"NormalTextRun SCXW122781886 BCX0\">Le produit est facile \u00e0 appliquer<\/span><span class=\"NormalTextRun SCXW122781886 BCX0\">: recouvrir la tache avec C\u00b2 <\/span><span class=\"NormalTextRun SpellingErrorV2Themed SCXW122781886 BCX0\">Stain<\/span><span class=\"NormalTextRun SCXW122781886 BCX0\"> Clean. Pendant le s\u00e9chage, C\u00b2 <\/span><span class=\"NormalTextRun SpellingErrorV2Themed SCXW122781886 BCX0\">Stain<\/span><span class=\"NormalTextRun SCXW122781886 BCX0\"> Clean \u00e9limine les souillures de la superficie et les encapsule dans les ingr\u00e9dients actifs du m\u00e9lange. Laisser s\u00e9cher pendant la nuit. Cette p\u00e2te se transforme en poudre, qui peut \u00eatre facilement enlev\u00e9e.<\/span><span class=\"NormalTextRun SCXW122781886 BCX0\"> La plupart des taches disparaissent apr\u00e8s une seule application. Si la tache redevient visible, r\u00e9p\u00e9tez l\u2019op\u00e9ration.\u00a0<\/span><\/span><span class=\"EOP SCXW122781886 BCX0\" data-ccp-props=\"{&quot;201341983&quot;:0,&quot;335559739&quot;:160,&quot;335559740&quot;:259}\">\u00a0<\/span><\/p>\n","protected":false},"excerpt":{"rendered":"<p><span class=\"TextRun SCXW184247242 BCX0\" lang=\"fr-FR\" xml:lang=\"fr-FR\" data-contrast=\"auto\"><span class=\"NormalTextRun SCXW184247242 BCX0\">Le pack de d\u00e9marrage ultime pour les propri\u00e9taires de sols en b\u00e9ton\u00a0: entretenez votre sol avec notre puissant C\u00b2 Maintenance et \u00e9liminez les taches d\u2019huile et de graisse, <\/span><span class=\"NormalTextRun SCXW184247242 BCX0\">les taches d\u2019huile et de graisse<\/span><span class=\"NormalTextRun SCXW184247242 BCX0\"> avec notre dernier produit C\u00b2 <\/span><span class=\"NormalTextRun SpellingErrorV2Themed SCXW184247242 BCX0\">Stain<\/span><span class=\"NormalTextRun SCXW184247242 BCX0\"> Clean ! Pour un sol en b\u00e9ton en parfait \u00e9tat \u00e0 un prix tr\u00e8s comp\u00e9titif\u00a0!<\/span><\/span><span class=\"EOP SCXW184247242 BCX0\" data-ccp-props=\"{&quot;201341983&quot;:0,&quot;335559739&quot;:160,&quot;335559740&quot;:259}\">\u00a0<\/span><\/p>\n","protected":false},"featured_media":2973,"template":"","meta":{"_acf_changed":false,"_seopress_robots_primary_cat":"","_seopress_titles_title":"","_seopress_titles_desc":"","_seopress_robots_index":"","site-sidebar-layout":"default","site-content-layout":"default","ast-site-content-layout":"default","site-content-style":"default","site-sidebar-style":"default","ast-global-header-display":"","ast-banner-title-visibility":"","ast-main-header-display":"","ast-hfb-above-header-display":"","ast-hfb-below-header-display":"","ast-hfb-mobile-header-display":"","site-post-title":"","ast-breadcrumbs-content":"","ast-featured-img":"","footer-sml-layout":"","ast-disable-related-posts":"","theme-transparent-header-meta":"default","adv-header-id-meta":"","stick-header-meta":"","header-above-stick-meta":"","header-main-stick-meta":"","header-below-stick-meta":"","astra-migrate-meta-layouts":"default","ast-page-background-enabled":"default","ast-page-background-meta":{"desktop":{"background-color":"","background-image":"","background-repeat":"repeat","background-position":"center center","background-size":"auto","background-attachment":"scroll","background-type":"","background-media":"","overlay-type":"","overlay-color":"","overlay-opacity":"","overlay-gradient":""},"tablet":{"background-color":"","background-image":"","background-repeat":"repeat","background-position":"center center","background-size":"auto","background-attachment":"scroll","background-type":"","background-media":"","overlay-type":"","overlay-color":"","overlay-opacity":"","overlay-gradient":""},"mobile":{"background-color":"","background-image":"","background-repeat":"repeat","background-position":"center center","background-size":"auto","background-attachment":"scroll","background-type":"","background-media":"","overlay-type":"","overlay-color":"","overlay-opacity":"","overlay-gradient":""}},"ast-content-background-meta":{"desktop":{"background-color":"var(--ast-global-color-5)","background-image":"","background-repeat":"repeat","background-position":"center center","background-size":"auto","background-attachment":"scroll","background-type":"","background-media":"","overlay-type":"","overlay-color":"","overlay-opacity":"","overlay-gradient":""},"tablet":{"background-color":"var(--ast-global-color-5)","background-image":"","background-repeat":"repeat","background-position":"center center","background-size":"auto","background-attachment":"scroll","background-type":"","background-media":"","overlay-type":"","overlay-color":"","overlay-opacity":"","overlay-gradient":""},"mobile":{"background-color":"var(--ast-global-color-5)","background-image":"","background-repeat":"repeat","background-position":"center center","background-size":"auto","background-attachment":"scroll","background-type":"","background-media":"","overlay-type":"","overlay-color":"","overlay-opacity":"","overlay-gradient":""}}},"product_brand":[],"product_cat":[41],"product_tag":[],"class_list":{"0":"post-3401","1":"product","2":"type-product","3":"status-publish","4":"has-post-thumbnail","6":"product_cat-c2-webshop","7":"desktop-align-left","8":"tablet-align-left","9":"mobile-align-left","11":"first","12":"instock","13":"sale","14":"taxable","15":"shipping-taxable","16":"purchasable","17":"product-type-simple"},"acf":[],"_links":{"self":[{"href":"https:\/\/cretecolors.eu\/fr\/wp-json\/wp\/v2\/product\/3401","targetHints":{"allow":["GET"]}}],"collection":[{"href":"https:\/\/cretecolors.eu\/fr\/wp-json\/wp\/v2\/product"}],"about":[{"href":"https:\/\/cretecolors.eu\/fr\/wp-json\/wp\/v2\/types\/product"}],"wp:featuredmedia":[{"embeddable":true,"href":"https:\/\/cretecolors.eu\/fr\/wp-json\/wp\/v2\/media\/2973"}],"wp:attachment":[{"href":"https:\/\/cretecolors.eu\/fr\/wp-json\/wp\/v2\/media?parent=3401"}],"wp:term":[{"taxonomy":"product_brand","embeddable":true,"href":"https:\/\/cretecolors.eu\/fr\/wp-json\/wp\/v2\/product_brand?post=3401"},{"taxonomy":"product_cat","embeddable":true,"href":"https:\/\/cretecolors.eu\/fr\/wp-json\/wp\/v2\/product_cat?post=3401"},{"taxonomy":"product_tag","embeddable":true,"href":"https:\/\/cretecolors.eu\/fr\/wp-json\/wp\/v2\/product_tag?post=3401"}],"curies":[{"name":"wp","href":"https:\/\/api.w.org\/{rel}","templated":true}]}}