{"id":3383,"date":"2023-04-24T13:55:08","date_gmt":"2023-04-24T11:55:08","guid":{"rendered":"https:\/\/cretecolors.eu\/c%c2%b2-webshop\/"},"modified":"2024-07-31T10:37:20","modified_gmt":"2024-07-31T08:37:20","slug":"c2-webshop","status":"publish","type":"page","link":"https:\/\/cretecolors.eu\/fr\/c2-webshop\/","title":{"rendered":"C\u00b2 Webshop"},"content":{"rendered":"\t\t<div data-elementor-type=\"wp-page\" data-elementor-id=\"3383\" class=\"elementor elementor-3383 elementor-1183\" data-elementor-post-type=\"page\">\n\t\t\t\t\t\t<section class=\"elementor-section elementor-top-section elementor-element elementor-element-e78948f elementor-section-boxed elementor-section-height-default elementor-section-height-default\" data-id=\"e78948f\" data-element_type=\"section\" data-e-type=\"section\">\n\t\t\t\t\t\t<div class=\"elementor-container elementor-column-gap-default\">\n\t\t\t\t\t<div class=\"elementor-column elementor-col-100 elementor-top-column elementor-element elementor-element-c61c1ea\" data-id=\"c61c1ea\" data-element_type=\"column\" data-e-type=\"column\">\n\t\t\t<div class=\"elementor-widget-wrap elementor-element-populated\">\n\t\t\t\t\t\t<div class=\"elementor-element elementor-element-41b274c elementor-widget elementor-widget-heading\" data-id=\"41b274c\" data-element_type=\"widget\" data-e-type=\"widget\" data-widget_type=\"heading.default\">\n\t\t\t\t\t<h1 class=\"elementor-heading-title elementor-size-default\">C\u00b2 Webshop<\/h1>\t\t\t\t<\/div>\n\t\t\t\t<div class=\"elementor-element elementor-element-5394331 elementor-widget elementor-widget-image\" data-id=\"5394331\" data-element_type=\"widget\" data-e-type=\"widget\" data-widget_type=\"image.default\">\n\t\t\t\t\t\t\t\t\t\t\t\t\t\t\t<img decoding=\"async\" width=\"600\" height=\"43\" src=\"https:\/\/cretecolors.eu\/wp-content\/uploads\/2023\/06\/Ontwerp-zonder-titel-2023-06-11T111631.040-600x43.png\" class=\"attachment-woocommerce_single size-woocommerce_single wp-image-2917\" alt=\"\" srcset=\"https:\/\/cretecolors.eu\/wp-content\/uploads\/2023\/06\/Ontwerp-zonder-titel-2023-06-11T111631.040-600x43.png 600w, https:\/\/cretecolors.eu\/wp-content\/uploads\/2023\/06\/Ontwerp-zonder-titel-2023-06-11T111631.040-300x21.png 300w, https:\/\/cretecolors.eu\/wp-content\/uploads\/2023\/06\/Ontwerp-zonder-titel-2023-06-11T111631.040-1024x73.png 1024w, https:\/\/cretecolors.eu\/wp-content\/uploads\/2023\/06\/Ontwerp-zonder-titel-2023-06-11T111631.040-768x55.png 768w, https:\/\/cretecolors.eu\/wp-content\/uploads\/2023\/06\/Ontwerp-zonder-titel-2023-06-11T111631.040-1536x110.png 1536w, https:\/\/cretecolors.eu\/wp-content\/uploads\/2023\/06\/elementor\/thumbs\/Ontwerp-zonder-titel-2023-06-11T111631.040-q7ssj38e76ikmwsnuzwlfnjwmb9nwic8umaxl47wms.png 700w, https:\/\/cretecolors.eu\/wp-content\/uploads\/2023\/06\/Ontwerp-zonder-titel-2023-06-11T111631.040.png 2013w\" sizes=\"(max-width: 600px) 100vw, 600px\" \/>\t\t\t\t\t\t\t\t\t\t\t\t\t\t\t<\/div>\n\t\t\t\t<div class=\"elementor-element elementor-element-f08b0ae elementor-widget elementor-widget-text-editor\" data-id=\"f08b0ae\" data-element_type=\"widget\" data-e-type=\"widget\" data-widget_type=\"text-editor.default\">\n\t\t\t\t\t\t\t\t\t<p><br>Commandez vos produits d\u2019entretien pour sols en b\u00e9ton de mani\u00e8re en alliant s\u00e9curit\u00e9 et rapidit\u00e9 via notre boutique en ligne. Nous exp\u00e9dions les produits rapidement depuis notre magasin, sans interm\u00e9diaire, g\u00e9n\u00e9ralement d\u00e8s le jour ouvrable suivant. Si vous avez des questions, veuillez nous contacter \u00e0 l\u2019adresse suivante\u00a0: info@cretecolors.be.<\/p>\n<p>Nos produits sont exp\u00e9di\u00e9s <b>GRATUITEMENT<\/b> !<\/p>\t\t\t\t\t\t\t\t<\/div>\n\t\t\t\t\t<\/div>\n\t\t<\/div>\n\t\t\t\t\t<\/div>\n\t\t<\/section>\n\t\t\t\t<section class=\"elementor-section elementor-top-section elementor-element elementor-element-2158304 elementor-section-boxed elementor-section-height-default elementor-section-height-default\" data-id=\"2158304\" data-element_type=\"section\" data-e-type=\"section\">\n\t\t\t\t\t\t<div class=\"elementor-container elementor-column-gap-default\">\n\t\t\t\t\t<div class=\"elementor-column elementor-col-100 elementor-top-column elementor-element elementor-element-fcb5eca\" data-id=\"fcb5eca\" data-element_type=\"column\" data-e-type=\"column\">\n\t\t\t<div class=\"elementor-widget-wrap elementor-element-populated\">\n\t\t\t\t\t\t<div class=\"elementor-element elementor-element-1ffbaee elementor-grid-3 elementor-product-loop-item--align-center elementor-grid-tablet-2 elementor-grid-mobile-1 elementor-products-grid elementor-wc-products elementor-widget elementor-widget-woocommerce-products\" data-id=\"1ffbaee\" data-element_type=\"widget\" data-e-type=\"widget\" data-widget_type=\"woocommerce-products.default\">\n\t\t\t\t<div class=\"elementor-widget-container\">\n\t\t\t\t\t<div class=\"woocommerce columns-3 \"><ul class=\"products elementor-grid columns-3\">\n<li class=\"desktop-align-left tablet-align-left mobile-align-left product type-product post-3401 status-publish first instock product_cat-c2-webshop has-post-thumbnail sale taxable shipping-taxable purchasable product-type-simple\">\n\t<a href=\"https:\/\/cretecolors.eu\/fr\/produit\/packs-avantageux-05l-c%c2%b2-stain-clean-1l-c%c2%b2-maintenance\/\" class=\"woocommerce-LoopProduct-link woocommerce-loop-product__link\">\n\t<span  class=\"onsale\" data-notification=\"default\">Promo\u00a0!<\/span>\n\t<img fetchpriority=\"high\" decoding=\"async\" width=\"600\" height=\"600\" src=\"https:\/\/cretecolors.eu\/wp-content\/uploads\/2023\/06\/Ontwerp-zonder-titel-21-600x600.jpg\" class=\"attachment-woocommerce_thumbnail size-woocommerce_thumbnail\" alt=\"PACKS AVANTAGEUX\u00a0: 0,5L C\u00b2 Stain Clean 1L C\u00b2 Maintenance\" srcset=\"https:\/\/cretecolors.eu\/wp-content\/uploads\/2023\/06\/Ontwerp-zonder-titel-21-600x600.jpg 600w, https:\/\/cretecolors.eu\/wp-content\/uploads\/2023\/06\/Ontwerp-zonder-titel-21-100x100.jpg 100w, https:\/\/cretecolors.eu\/wp-content\/uploads\/2023\/06\/Ontwerp-zonder-titel-21.jpg 1080w\" sizes=\"(max-width: 600px) 100vw, 600px\" \/><h2 class=\"woocommerce-loop-product__title\">PACKS AVANTAGEUX\u00a0: 0,5L C\u00b2 Stain Clean 1L C\u00b2 Maintenance<\/h2>\n\t<span class=\"price\"><del aria-hidden=\"true\"><span class=\"woocommerce-Price-amount amount\"><bdi>70,00&nbsp;<span class=\"woocommerce-Price-currencySymbol\">&euro;<\/span><\/bdi><\/span><\/del> <span class=\"screen-reader-text\">Le prix initial \u00e9tait\u00a0: 70,00&nbsp;&euro;.<\/span><ins aria-hidden=\"true\"><span class=\"woocommerce-Price-amount amount\"><bdi>60,00&nbsp;<span class=\"woocommerce-Price-currencySymbol\">&euro;<\/span><\/bdi><\/span><\/ins><span class=\"screen-reader-text\">Le prix actuel est\u00a0: 60,00&nbsp;&euro;.<\/span><\/span>\n<\/a><div class=\"woocommerce-loop-product__buttons\"><a href=\"\/fr\/wp-json\/wp\/v2\/pages\/3383?add-to-cart=3401\" aria-describedby=\"woocommerce_loop_add_to_cart_link_describedby_3401\" data-quantity=\"1\" class=\"button product_type_simple add_to_cart_button ajax_add_to_cart\" data-product_id=\"3401\" data-product_sku=\"\" aria-label=\"Ajouter au panier\u00a0: &ldquo;PACKS AVANTAGEUX\u00a0: 0,5L C\u00b2 Stain Clean 1L C\u00b2 Maintenance&rdquo;\" rel=\"nofollow\" data-success_message=\"\u00ab\u00a0PACKS AVANTAGEUX\u00a0: 0,5L C\u00b2 Stain Clean 1L C\u00b2 Maintenance\u00a0\u00bb a \u00e9t\u00e9 ajout\u00e9 \u00e0 votre panier\" role=\"button\">Ajouter au panier<\/a><\/div>\t<span id=\"woocommerce_loop_add_to_cart_link_describedby_3401\" class=\"screen-reader-text\">\n\t\t\t<\/span>\n<\/li>\n<li class=\"desktop-align-left tablet-align-left mobile-align-left product type-product post-3402 status-publish instock product_cat-c2-webshop has-post-thumbnail taxable shipping-taxable purchasable product-type-simple\">\n\t<a href=\"https:\/\/cretecolors.eu\/fr\/produit\/c%c2%b2-stain-clean-05l\/\" class=\"woocommerce-LoopProduct-link woocommerce-loop-product__link\"><img decoding=\"async\" width=\"600\" height=\"600\" src=\"https:\/\/cretecolors.eu\/wp-content\/uploads\/2023\/06\/2-600x600.jpg\" class=\"attachment-woocommerce_thumbnail size-woocommerce_thumbnail\" alt=\"C\u00b2 Stain Clean 0,5L\" srcset=\"https:\/\/cretecolors.eu\/wp-content\/uploads\/2023\/06\/2-600x600.jpg 600w, https:\/\/cretecolors.eu\/wp-content\/uploads\/2023\/06\/2-100x100.jpg 100w, https:\/\/cretecolors.eu\/wp-content\/uploads\/2023\/06\/2.jpg 1080w\" sizes=\"(max-width: 600px) 100vw, 600px\" \/><h2 class=\"woocommerce-loop-product__title\">C\u00b2 Stain Clean 0,5L<\/h2>\n\t<span class=\"price\"><span class=\"woocommerce-Price-amount amount\"><bdi>45,00&nbsp;<span class=\"woocommerce-Price-currencySymbol\">&euro;<\/span><\/bdi><\/span><\/span>\n<\/a><div class=\"woocommerce-loop-product__buttons\"><a href=\"\/fr\/wp-json\/wp\/v2\/pages\/3383?add-to-cart=3402\" aria-describedby=\"woocommerce_loop_add_to_cart_link_describedby_3402\" data-quantity=\"1\" class=\"button product_type_simple add_to_cart_button ajax_add_to_cart\" data-product_id=\"3402\" data-product_sku=\"\" aria-label=\"Ajouter au panier\u00a0: &ldquo;C\u00b2 Stain Clean 0,5L&rdquo;\" rel=\"nofollow\" data-success_message=\"\u00ab\u00a0C\u00b2 Stain Clean 0,5L\u00a0\u00bb a \u00e9t\u00e9 ajout\u00e9 \u00e0 votre panier\" role=\"button\">Ajouter au panier<\/a><\/div>\t<span id=\"woocommerce_loop_add_to_cart_link_describedby_3402\" class=\"screen-reader-text\">\n\t\t\t<\/span>\n<\/li>\n<li class=\"desktop-align-left tablet-align-left mobile-align-left product type-product post-3403 status-publish last instock product_cat-c2-webshop has-post-thumbnail taxable shipping-taxable purchasable product-type-simple\">\n\t<a href=\"https:\/\/cretecolors.eu\/fr\/produit\/c%c2%b2-maintenance-20l\/\" class=\"woocommerce-LoopProduct-link woocommerce-loop-product__link\"><img loading=\"lazy\" decoding=\"async\" width=\"600\" height=\"600\" src=\"https:\/\/cretecolors.eu\/wp-content\/uploads\/2023\/06\/4-600x600.jpg\" class=\"attachment-woocommerce_thumbnail size-woocommerce_thumbnail\" alt=\"C\u00b2 Maintenance 20L\" srcset=\"https:\/\/cretecolors.eu\/wp-content\/uploads\/2023\/06\/4-600x600.jpg 600w, https:\/\/cretecolors.eu\/wp-content\/uploads\/2023\/06\/4-100x100.jpg 100w, https:\/\/cretecolors.eu\/wp-content\/uploads\/2023\/06\/4.jpg 1080w\" sizes=\"(max-width: 600px) 100vw, 600px\" \/><h2 class=\"woocommerce-loop-product__title\">C\u00b2 Maintenance 20L<\/h2>\n\t<span class=\"price\"><span class=\"woocommerce-Price-amount amount\"><bdi>360,00&nbsp;<span class=\"woocommerce-Price-currencySymbol\">&euro;<\/span><\/bdi><\/span><\/span>\n<\/a><div class=\"woocommerce-loop-product__buttons\"><a href=\"\/fr\/wp-json\/wp\/v2\/pages\/3383?add-to-cart=3403\" aria-describedby=\"woocommerce_loop_add_to_cart_link_describedby_3403\" data-quantity=\"1\" class=\"button product_type_simple add_to_cart_button ajax_add_to_cart\" data-product_id=\"3403\" data-product_sku=\"\" aria-label=\"Ajouter au panier\u00a0: &ldquo;C\u00b2 Maintenance 20L&rdquo;\" rel=\"nofollow\" data-success_message=\"\u00ab\u00a0C\u00b2 Maintenance 20L\u00a0\u00bb a \u00e9t\u00e9 ajout\u00e9 \u00e0 votre panier\" role=\"button\">Ajouter au panier<\/a><\/div>\t<span id=\"woocommerce_loop_add_to_cart_link_describedby_3403\" class=\"screen-reader-text\">\n\t\t\t<\/span>\n<\/li>\n<li class=\"desktop-align-left tablet-align-left mobile-align-left product type-product post-3404 status-publish first instock product_cat-c2-webshop has-post-thumbnail taxable shipping-taxable purchasable product-type-simple\">\n\t<a href=\"https:\/\/cretecolors.eu\/fr\/produit\/c%c2%b2-maintenance-35l\/\" class=\"woocommerce-LoopProduct-link woocommerce-loop-product__link\"><img loading=\"lazy\" decoding=\"async\" width=\"600\" height=\"600\" src=\"https:\/\/cretecolors.eu\/wp-content\/uploads\/2023\/06\/Ontwerp-zonder-titel-19-600x600.jpg\" class=\"attachment-woocommerce_thumbnail size-woocommerce_thumbnail\" alt=\"C\u00b2 Maintenance 3,5L\" srcset=\"https:\/\/cretecolors.eu\/wp-content\/uploads\/2023\/06\/Ontwerp-zonder-titel-19-600x600.jpg 600w, https:\/\/cretecolors.eu\/wp-content\/uploads\/2023\/06\/Ontwerp-zonder-titel-19-100x100.jpg 100w, https:\/\/cretecolors.eu\/wp-content\/uploads\/2023\/06\/Ontwerp-zonder-titel-19.jpg 1080w\" sizes=\"(max-width: 600px) 100vw, 600px\" \/><h2 class=\"woocommerce-loop-product__title\">C\u00b2 Maintenance 3,5L<\/h2>\n\t<span class=\"price\"><span class=\"woocommerce-Price-amount amount\"><bdi>75,00&nbsp;<span class=\"woocommerce-Price-currencySymbol\">&euro;<\/span><\/bdi><\/span><\/span>\n<\/a><div class=\"woocommerce-loop-product__buttons\"><a href=\"\/fr\/wp-json\/wp\/v2\/pages\/3383?add-to-cart=3404\" aria-describedby=\"woocommerce_loop_add_to_cart_link_describedby_3404\" data-quantity=\"1\" class=\"button product_type_simple add_to_cart_button ajax_add_to_cart\" data-product_id=\"3404\" data-product_sku=\"\" aria-label=\"Ajouter au panier\u00a0: &ldquo;C\u00b2 Maintenance 3,5L&rdquo;\" rel=\"nofollow\" data-success_message=\"\u00ab\u00a0C\u00b2 Maintenance 3,5L\u00a0\u00bb a \u00e9t\u00e9 ajout\u00e9 \u00e0 votre panier\" role=\"button\">Ajouter au panier<\/a><\/div>\t<span id=\"woocommerce_loop_add_to_cart_link_describedby_3404\" class=\"screen-reader-text\">\n\t\t\t<\/span>\n<\/li>\n<li class=\"desktop-align-left tablet-align-left mobile-align-left product type-product post-3405 status-publish instock product_cat-c2-webshop has-post-thumbnail taxable shipping-taxable purchasable product-type-simple\">\n\t<a href=\"https:\/\/cretecolors.eu\/fr\/produit\/c%c2%b2-maintenance-2l\/\" class=\"woocommerce-LoopProduct-link woocommerce-loop-product__link\"><img loading=\"lazy\" decoding=\"async\" width=\"600\" height=\"600\" src=\"https:\/\/cretecolors.eu\/wp-content\/uploads\/2023\/05\/Ontwerp-zonder-titel-20-600x600.jpg\" class=\"attachment-woocommerce_thumbnail size-woocommerce_thumbnail\" alt=\"C\u00b2 Maintenance 2L\" srcset=\"https:\/\/cretecolors.eu\/wp-content\/uploads\/2023\/05\/Ontwerp-zonder-titel-20-600x600.jpg 600w, https:\/\/cretecolors.eu\/wp-content\/uploads\/2023\/05\/Ontwerp-zonder-titel-20-100x100.jpg 100w, https:\/\/cretecolors.eu\/wp-content\/uploads\/2023\/05\/Ontwerp-zonder-titel-20.jpg 1080w\" sizes=\"(max-width: 600px) 100vw, 600px\" \/><h2 class=\"woocommerce-loop-product__title\">C\u00b2 Maintenance 2L<\/h2>\n\t<span class=\"price\"><span class=\"woocommerce-Price-amount amount\"><bdi>50,00&nbsp;<span class=\"woocommerce-Price-currencySymbol\">&euro;<\/span><\/bdi><\/span><\/span>\n<\/a><div class=\"woocommerce-loop-product__buttons\"><a href=\"\/fr\/wp-json\/wp\/v2\/pages\/3383?add-to-cart=3405\" aria-describedby=\"woocommerce_loop_add_to_cart_link_describedby_3405\" data-quantity=\"1\" class=\"button product_type_simple add_to_cart_button ajax_add_to_cart\" data-product_id=\"3405\" data-product_sku=\"\" aria-label=\"Ajouter au panier\u00a0: &ldquo;C\u00b2 Maintenance 2L&rdquo;\" rel=\"nofollow\" data-success_message=\"\u00ab\u00a0C\u00b2 Maintenance 2L\u00a0\u00bb a \u00e9t\u00e9 ajout\u00e9 \u00e0 votre panier\" role=\"button\">Ajouter au panier<\/a><\/div>\t<span id=\"woocommerce_loop_add_to_cart_link_describedby_3405\" class=\"screen-reader-text\">\n\t\t\t<\/span>\n<\/li>\n<\/ul>\n<\/div>\t\t\t\t<\/div>\n\t\t\t\t<\/div>\n\t\t\t\t\t<\/div>\n\t\t<\/div>\n\t\t\t\t\t<\/div>\n\t\t<\/section>\n\t\t\t\t<\/div>\n\t\t","protected":false},"excerpt":{"rendered":"<p>C\u00b2 Webshop Commandez vos produits d\u2019entretien pour sols en b\u00e9ton de mani\u00e8re en alliant s\u00e9curit\u00e9 et rapidit\u00e9 via notre boutique en ligne. Nous exp\u00e9dions les produits rapidement depuis notre magasin, sans interm\u00e9diaire, g\u00e9n\u00e9ralement d\u00e8s le jour ouvrable suivant. Si vous avez des questions, veuillez nous contacter \u00e0 l\u2019adresse suivante\u00a0: info@cretecolors.be. Nos produits sont exp\u00e9di\u00e9s GRATUITEMENT [&hellip;]<\/p>\n","protected":false},"author":35,"featured_media":0,"parent":0,"menu_order":0,"comment_status":"closed","ping_status":"closed","template":"elementor_header_footer","meta":{"_acf_changed":false,"_seopress_robots_primary_cat":"","_seopress_titles_title":"","_seopress_titles_desc":"","_seopress_robots_index":"","site-sidebar-layout":"no-sidebar","site-content-layout":"page-builder","ast-site-content-layout":"full-width-container","site-content-style":"unboxed","site-sidebar-style":"unboxed","ast-global-header-display":"","ast-banner-title-visibility":"","ast-main-header-display":"","ast-hfb-above-header-display":"","ast-hfb-below-header-display":"","ast-hfb-mobile-header-display":"","site-post-title":"disabled","ast-breadcrumbs-content":"","ast-featured-img":"disabled","footer-sml-layout":"","ast-disable-related-posts":"","theme-transparent-header-meta":"","adv-header-id-meta":"","stick-header-meta":"","header-above-stick-meta":"","header-main-stick-meta":"","header-below-stick-meta":"","astra-migrate-meta-layouts":"default","ast-page-background-enabled":"default","ast-page-background-meta":{"desktop":{"background-color":"","background-image":"","background-repeat":"repeat","background-position":"center center","background-size":"auto","background-attachment":"scroll","background-type":"","background-media":"","overlay-type":"","overlay-color":"","overlay-opacity":"","overlay-gradient":""},"tablet":{"background-color":"","background-image":"","background-repeat":"repeat","background-position":"center center","background-size":"auto","background-attachment":"scroll","background-type":"","background-media":"","overlay-type":"","overlay-color":"","overlay-opacity":"","overlay-gradient":""},"mobile":{"background-color":"","background-image":"","background-repeat":"repeat","background-position":"center center","background-size":"auto","background-attachment":"scroll","background-type":"","background-media":"","overlay-type":"","overlay-color":"","overlay-opacity":"","overlay-gradient":""}},"ast-content-background-meta":{"desktop":{"background-color":"var(--ast-global-color-5)","background-image":"","background-repeat":"repeat","background-position":"center center","background-size":"auto","background-attachment":"scroll","background-type":"","background-media":"","overlay-type":"","overlay-color":"","overlay-opacity":"","overlay-gradient":""},"tablet":{"background-color":"var(--ast-global-color-5)","background-image":"","background-repeat":"repeat","background-position":"center center","background-size":"auto","background-attachment":"scroll","background-type":"","background-media":"","overlay-type":"","overlay-color":"","overlay-opacity":"","overlay-gradient":""},"mobile":{"background-color":"var(--ast-global-color-5)","background-image":"","background-repeat":"repeat","background-position":"center center","background-size":"auto","background-attachment":"scroll","background-type":"","background-media":"","overlay-type":"","overlay-color":"","overlay-opacity":"","overlay-gradient":""}},"footnotes":""},"class_list":["post-3383","page","type-page","status-publish","hentry"],"acf":[],"_links":{"self":[{"href":"https:\/\/cretecolors.eu\/fr\/wp-json\/wp\/v2\/pages\/3383","targetHints":{"allow":["GET"]}}],"collection":[{"href":"https:\/\/cretecolors.eu\/fr\/wp-json\/wp\/v2\/pages"}],"about":[{"href":"https:\/\/cretecolors.eu\/fr\/wp-json\/wp\/v2\/types\/page"}],"author":[{"embeddable":true,"href":"https:\/\/cretecolors.eu\/fr\/wp-json\/wp\/v2\/users\/35"}],"replies":[{"embeddable":true,"href":"https:\/\/cretecolors.eu\/fr\/wp-json\/wp\/v2\/comments?post=3383"}],"version-history":[{"count":0,"href":"https:\/\/cretecolors.eu\/fr\/wp-json\/wp\/v2\/pages\/3383\/revisions"}],"wp:attachment":[{"href":"https:\/\/cretecolors.eu\/fr\/wp-json\/wp\/v2\/media?parent=3383"}],"curies":[{"name":"wp","href":"https:\/\/api.w.org\/{rel}","templated":true}]}}